{"id":841,"date":"2020-07-28T09:02:08","date_gmt":"2020-07-28T08:02:08","guid":{"rendered":"http:\/\/dev.deluxebase.com\/?page_id=841"},"modified":"2025-09-09T01:37:54","modified_gmt":"2025-09-09T00:37:54","slug":"about","status":"publish","type":"page","link":"https:\/\/deluxebase.com\/es\/about\/","title":{"rendered":"Sobre Nosotros"},"content":{"rendered":"<div class=\"brz-root__container brz-reset-all brz\">\n<section id=\"qlyraknzwgvnhusrtusxelxyugyxvfxlzoii\" class=\"brz-section brz-css-w0Om4\">\n<div class=\"brz-section__content brz-section--boxed brz-css-ni74y brz-css-sZk4a\" data-brz-custom-id=\"wdiyvkjnanfrdulhjrqhgbweomnaqrvchmas\">\n<div class=\"brz-bg\">\n<div class=\"brz-bg-image\"><\/div>\n<div class=\"brz-bg-color\"><\/div>\n<div class=\"brz-bg-shape brz-bg-shape__top\"><\/div>\n<div class=\"brz-bg-shape brz-bg-shape__bottom\"><\/div>\n<\/div>\n<div class=\"brz-container brz-css-al4tW brz-css-xqVlZ\">\n<div class=\"brz-row__container brz-css-bUYk9\" data-brz-custom-id=\"regmoqncppnahokjmzbdimtipncnsucrnagw\">\n<div class=\"brz-bg\"><\/div>\n<div class=\"brz-row brz-css-wYCTh brz-css-amCoI\">\n<div class=\"brz-columns brz-css-ul0Wa brz-css-l2aXj\" data-brz-custom-id=\"yxcoyzxhvhsgzjpddnfjmzepmwsywgdptupx\">\n<div class=\"brz-bg\"><\/div>\n<div class=\"brz-column__items brz-css-g61HL\">\n<div id=\"\" class=\"brz-css-p8LHz brz-css-ioyiu brz-wrapper\">\n<div class=\"brz-rich-text brz-rich-text__custom brz-css-mLP2F\" data-brz-custom-id=\"vbsntiezuwazjmvtaulpeajeluuogwlsfurg\">\n<div data-brz-translate-text=\"1\">\n<h1 class=\"brz-text-lg-center brz-tp-lg-empty brz-ff-encode_sans_semi_condensed brz-ft-google brz-fs-lg-66 brz-fss-lg-px brz-fw-lg-900 brz-ls-lg-m_0_5 brz-lh-lg-1_3 brz-css-yLDaS\" data-uniq-id=\"vAy2L\" data-generated-css=\"brz-css-hZBt3\"><span>Sobre Nosotros<\/span><\/h1>\n<\/div>\n<\/div>\n<\/div>\n<div id=\"\" class=\"brz-css-p8LHz brz-wrapper\">\n<div class=\"brz-rich-text brz-rich-text__custom brz-css-mLP2F\" data-brz-custom-id=\"kimkossxleygkzfrebduslynpglsrgvhucqi\">\n<div data-brz-translate-text=\"1\">\n<p data-uniq-id=\"hYWSR\" data-generated-css=\"brz-css-mmtZu\" class=\"brz-tp-lg-empty brz-ff-encode_sans_semi_condensed brz-ft-google brz-fs-lg-17 brz-fss-lg-px brz-fw-lg-400 brz-ls-lg-0 brz-lh-lg-1_7 brz-css-bEirx\"><\/p>\n<p class=\"brz-bcp-color7 brz-text-lg-center brz-tp-lg-empty brz-ff-encode_sans_semi_condensed brz-ft-google brz-fs-lg-17 brz-fss-lg-px brz-fw-lg-400 brz-ls-lg-0 brz-lh-lg-1_7 brz-css-xqulR\" data-uniq-id=\"ePINj\" data-generated-css=\"brz-css-nBetI\"><span class=\"brz-cp-color7\">En Deluxebase hemos estado desarrollando y fabricando atractivos e innovadores juguetes y regalos durante m\u00e1s de 25 a\u00f1os, ofreciendo entregas puntuales y un excelente servicio al cliente principalmente a tiendas de regalos ubicadas en atracciones relacionadas con la naturaleza, cadenas minoristas, jugueter\u00edas y viveros en todo el mundo.&nbsp;<\/span><\/p>\n<p class=\"brz-text-lg-center brz-bcp-color7 brz-tp-lg-empty brz-ff-encode_sans_semi_condensed brz-ft-google brz-fs-lg-17 brz-fss-lg-px brz-fw-lg-400 brz-ls-lg-0 brz-lh-lg-1_7 brz-css-z8WW5\" data-uniq-id=\"jyz_g\" data-generated-css=\"brz-css-kQIw5\"><span class=\"brz-cp-color7\"> <\/span><\/p>\n<p class=\"brz-text-lg-center brz-tp-lg-empty brz-ff-encode_sans_semi_condensed brz-ft-google brz-fs-lg-17 brz-fss-lg-px brz-fw-lg-400 brz-ls-lg-0 brz-lh-lg-1_7 brz-css-fRdis\" data-uniq-id=\"yPiLP\" data-generated-css=\"brz-css-hy28W\"><span class=\"brz-cp-color7\">Podemos realizar env\u00edos a cualquier destino en los principales mercados mundiales desde nuestros almacenes en el Reino Unido, Estados Unidos, Holanda y China. Todos nuestros productos cumplen con los requisitos legales en materia de seguridad y estamos comprometidos a trabajar en conjunto con nuestras f\u00e1bricas para cumplir con los est\u00e1ndares internacionales de responsabilidad social y ambiental.&nbsp;<\/span><\/p>\n<p class=\"brz-text-lg-center brz-tp-lg-empty brz-ff-encode_sans_semi_condensed brz-ft-google brz-fs-lg-17 brz-fss-lg-px brz-fw-lg-400 brz-ls-lg-0 brz-lh-lg-1_7 brz-css-gsdsC\" data-generated-css=\"brz-css-wMc2m\" data-uniq-id=\"rLSD5\"><span class=\"brz-cp-color7\"> <\/span><\/p>\n<p class=\"brz-text-lg-center brz-tp-lg-empty brz-ff-encode_sans_semi_condensed brz-ft-google brz-fs-lg-17 brz-fss-lg-px brz-fw-lg-400 brz-ls-lg-0 brz-lh-lg-1_7 brz-css-gz_Qy\" data-generated-css=\"brz-css-n3MRu\" data-uniq-id=\"yaqLF\"><span class=\"brz-cp-color7\">Estamos tomando medidas r\u00e1pidas para reducir el impacto que nuestra empresa tiene en el medio ambiente. Nuestros esfuerzos por lograr la sostenibilidad ambiental se enfocan en dos \u00e1reas complementarias. En primer lugar, minimizar la huella medioambiental de nuestras operaciones y cadena de suministro y, en segundo lugar, reducir el impacto medioambiental de nuestros productos y embalajes reduciendo el uso de pl\u00e1sticos de un solo uso siempre que sea posible y utilizando materiales m\u00e1s ecol\u00f3gicos para nuestros productos.<\/span><\/p>\n<\/div>\n<\/div>\n<\/div>\n<\/div>\n<\/div>\n<div class=\"brz-columns brz-css-ul0Wa brz-css-aZQLs\" data-brz-custom-id=\"xgougjfhkbpjzipxrcmhessebxzebkomdiwb\">\n<div class=\"brz-bg\"><\/div>\n<div class=\"brz-column__items brz-css-g61HL\"><\/div>\n<\/div>\n<\/div>\n<\/div>\n<\/div>\n<\/div>\n<\/section>\n<section id=\"bvqcxbkqiyrdxhcwlrushepqlrbwjnodyxed\" class=\"brz-section brz-css-w0Om4\">\n<div class=\"brz-section__content brz-section--boxed brz-css-ni74y brz-css-wTS9o\" data-brz-custom-id=\"asqlqdxsnxdbzabuhvbbpntbfudsxpdfdpar\">\n<div class=\"brz-bg\">\n<div class=\"brz-bg-color\"><\/div>\n<\/div>\n<div class=\"brz-container brz-css-al4tW\">\n<div class=\"brz-row__container brz-css-bUYk9\" data-brz-custom-id=\"pmuzxkkhconusqerrwdfirkdfgkkvvpnmwqe\">\n<div class=\"brz-bg\"><\/div>\n<div class=\"brz-row brz-css-wYCTh brz-css-amCoI\">\n<div class=\"brz-columns brz-css-ul0Wa brz-css-iQVNi\" data-brz-custom-id=\"xeiehjkklpxqibcmouicxonqpwkztibbqdrq\">\n<div class=\"brz-bg\">\n<div class=\"brz-bg-color\"><\/div>\n<\/div>\n<div class=\"brz-column__items brz-css-g61HL brz-css-oQ2vT\">\n<div class=\"brz-wrapper-clone brz-css-eqJE6\">\n<div class=\"brz-d-xs-flex brz-flex-xs-wrap brz-css-ywVAf\" data-brz-custom-id=\"\">\n<div class=\"brz-wrapper-clone__item\" id=\"xgauitevvrksifihnefjppmjgyompgfkepua\">\n<div class=\"brz-icon__container\" data-brz-custom-id=\"xgauitevvrksifihnefjppmjgyompgfkepua\"><span class=\"brz-icon brz-span brz-css-dhPej brz-css-pGPks\"><\/span><\/div>\n<\/div>\n<\/div>\n<\/div>\n<div id=\"\" class=\"brz-css-p8LHz brz-wrapper\">\n<div class=\"brz-rich-text brz-rich-text__custom brz-css-mLP2F\" data-brz-custom-id=\"ibwkrpjcyynoklhzlhrxacbyluifalrhpnag\">\n<div data-brz-translate-text=\"1\">\n<p class=\"brz-text-lg-center brz-tp-lg-empty brz-ff-encode_sans_semi_condensed brz-ft-google brz-fs-lg-20 brz-fss-lg-px brz-fw-lg-700 brz-ls-lg-0 brz-lh-lg-1_3 brz-css-efFuv\" data-uniq-id=\"afSM3\" data-generated-css=\"brz-css-zN4Kx\"><strong>Creada en 1994<\/strong><\/p>\n<\/div>\n<\/div>\n<\/div>\n<div id=\"\" class=\"brz-css-p8LHz brz-css-jZtbr brz-wrapper\">\n<div class=\"brz-rich-text brz-rich-text__custom brz-css-mLP2F\" data-brz-custom-id=\"zpeguiztqcdxnicgtsraglkonwvthobwuroh\">\n<div data-brz-translate-text=\"1\">\n<p class=\"brz-text-lg-center brz-tp-lg-empty brz-ff-encode_sans_semi_condensed brz-ft-google brz-fs-lg-17 brz-fss-lg-px brz-fw-lg-400 brz-ls-lg-0 brz-lh-lg-1_7 brz-css-ffl84\" data-generated-css=\"brz-css-uQaDE\" data-uniq-id=\"a903_\"><span>Deluxebase ha estado desarrollando y fabricando atractivos e innovadores juguetes y regalos durante m\u00e1s de 25 a\u00f1os<\/span><\/p>\n<\/div>\n<\/div>\n<\/div>\n<\/div>\n<\/div>\n<div class=\"brz-columns brz-css-ul0Wa brz-css-jMM4y\" data-brz-custom-id=\"btkfrhqmkgcvbtpejbuhbeomkwukqwcpqvny\">\n<div class=\"brz-bg\">\n<div class=\"brz-bg-color\"><\/div>\n<\/div>\n<div class=\"brz-column__items brz-css-g61HL brz-css-fP1nn\">\n<div class=\"brz-wrapper-clone brz-css-eqJE6\">\n<div class=\"brz-d-xs-flex brz-flex-xs-wrap brz-css-ywVAf\" data-brz-custom-id=\"\">\n<div class=\"brz-wrapper-clone__item\" id=\"jvzpzhzkbaztqaanhwfvvfiljjqdruitfxig\">\n<div class=\"brz-icon__container\" data-brz-custom-id=\"jvzpzhzkbaztqaanhwfvvfiljjqdruitfxig\"><span class=\"brz-icon brz-span brz-css-dhPej brz-css-sT0oO\"><\/span><\/div>\n<\/div>\n<\/div>\n<\/div>\n<div id=\"\" class=\"brz-css-p8LHz brz-wrapper\">\n<div class=\"brz-rich-text brz-rich-text__custom brz-css-mLP2F\" data-brz-custom-id=\"ogowouvrcqqnxfukwerjpavsdtsxrmheoqlr\">\n<div data-brz-translate-text=\"1\">\n<p class=\"brz-text-lg-center brz-tp-lg-empty brz-ff-encode_sans_semi_condensed brz-ft-google brz-fs-lg-20 brz-fss-lg-px brz-fw-lg-700 brz-ls-lg-0 brz-lh-lg-1_3 brz-css-mFNxA\" data-uniq-id=\"oStka\" data-generated-css=\"brz-css-qkzlx\"><span>Environmentally Friendly<\/span><\/p>\n<\/div>\n<\/div>\n<\/div>\n<div id=\"\" class=\"brz-css-p8LHz brz-wrapper\">\n<div class=\"brz-rich-text brz-rich-text__custom brz-css-mLP2F\" data-brz-custom-id=\"ugklsojckyifthjajmnjbajkerlfxphnknpm\">\n<div data-brz-translate-text=\"1\">\n<p class=\"brz-text-lg-center brz-tp-lg-empty brz-ff-encode_sans_semi_condensed brz-ft-google brz-fs-lg-17 brz-fss-lg-px brz-fw-lg-400 brz-ls-lg-0 brz-lh-lg-1_7 brz-css-dUi2Q\" data-uniq-id=\"gQOb5\" data-generated-css=\"brz-css-oXZ3k\"><span class=\"brz-cp-color7\">Nos esforzamos por minimizar nuestro impacto ambiental<\/span><\/p>\n<\/div>\n<\/div>\n<\/div>\n<\/div>\n<\/div>\n<div class=\"brz-columns brz-css-ul0Wa brz-css-thwPs\" data-brz-custom-id=\"muajewwsbnmediycpfcwhxhiutaxgoilzkwo\">\n<div class=\"brz-bg\">\n<div class=\"brz-bg-color\"><\/div>\n<\/div>\n<div class=\"brz-column__items brz-css-g61HL brz-css-vPKzx\">\n<div class=\"brz-wrapper-clone brz-css-eqJE6\">\n<div class=\"brz-d-xs-flex brz-flex-xs-wrap brz-css-ywVAf\" data-brz-custom-id=\"\">\n<div class=\"brz-wrapper-clone__item\" id=\"zfzkhzdojdfulithmmsewagltmhuskjsmoel\">\n<div class=\"brz-icon__container\" data-brz-custom-id=\"zfzkhzdojdfulithmmsewagltmhuskjsmoel\"><span class=\"brz-icon brz-span brz-css-dhPej brz-css-cXNEF\"><\/span><\/div>\n<\/div>\n<\/div>\n<\/div>\n<div id=\"\" class=\"brz-css-p8LHz brz-wrapper\">\n<div class=\"brz-rich-text brz-rich-text__custom brz-css-mLP2F\" data-brz-custom-id=\"ryotvrmqbmhtuykamyvqjluayenshjwaprfl\">\n<div data-brz-translate-text=\"1\">\n<p class=\"brz-text-lg-center brz-tp-lg-empty brz-ff-encode_sans_semi_condensed brz-ft-google brz-fs-lg-20 brz-fss-lg-px brz-fw-lg-700 brz-ls-lg-0 brz-lh-lg-1_3 brz-css-hFCXZ\" data-generated-css=\"brz-css-ckXAD\" data-uniq-id=\"xDRHe\"><span>Env\u00edos Internacionales<\/span><\/p>\n<\/div>\n<\/div>\n<\/div>\n<div id=\"\" class=\"brz-css-p8LHz brz-wrapper\">\n<div class=\"brz-rich-text brz-rich-text__custom brz-css-mLP2F\" data-brz-custom-id=\"iycrvypvidwafwovdauxlzkcgdbxetdvjyql\">\n<div data-brz-translate-text=\"1\">\n<p class=\"brz-text-lg-center brz-tp-lg-empty brz-ff-encode_sans_semi_condensed brz-ft-google brz-fs-lg-17 brz-fss-lg-px brz-fw-lg-400 brz-ls-lg-0 brz-lh-lg-1_7 brz-css-hUF8B\" data-uniq-id=\"e8uqt\" data-generated-css=\"brz-css-lOoqA\"><span class=\"brz-cp-color7\">Realizamos env\u00edos a los principales mercados mundiales<\/span><\/p>\n<\/div>\n<\/div>\n<\/div>\n<\/div>\n<\/div>\n<\/div>\n<\/div>\n<\/div>\n<\/div>\n<\/section>\n<section id=\"jfcwmzeompjmbyhirkopahpxasvuunqqbbft\" class=\"brz-section brz-css-w0Om4\">\n<div class=\"brz-section__content brz-section--boxed brz-css-ni74y brz-css-taIx1\" data-brz-custom-id=\"djehrkvtpnysevdfgvduzrajciuoisqjrdpq\">\n<div class=\"brz-bg\">\n<div class=\"brz-bg-color\"><\/div>\n<\/div>\n<div class=\"brz-container brz-css-al4tW\">\n<div class=\"brz-row__container brz-css-bUYk9 brz-css-s99Rb\" data-brz-custom-id=\"plkwgsfohsglwpuotjndnxeoxjedhffjnpus\">\n<div class=\"brz-bg\">\n<div class=\"brz-bg-image\"><\/div>\n<div class=\"brz-bg-color\"><\/div>\n<\/div>\n<div class=\"brz-row brz-css-wYCTh brz-css-r_Dt4\">\n<div class=\"brz-columns brz-css-ul0Wa brz-css-i5MKP\" data-brz-custom-id=\"aaetpojgydttnnowuqxyvopmwdhsdyagbjop\">\n<div class=\"brz-bg\"><\/div>\n<div class=\"brz-column__items brz-css-g61HL brz-css-j567O\">\n<div id=\"\" class=\"brz-css-p8LHz brz-css-hdKSB brz-css-od1Ad brz-wrapper\">\n<div class=\"brz-spacer brz-css-qeKVQ brz-css-nKSDB\"><\/div>\n<\/div>\n<div id=\"\" class=\"brz-css-p8LHz brz-css-vBMVP brz-wrapper\">\n<div class=\"brz-rich-text brz-rich-text__custom brz-css-mLP2F\" data-brz-custom-id=\"vklrirtygsnctugrwpxgmzqipuycktosggwy\">\n<div data-brz-translate-text=\"1\">\n<p class=\"brz-text-xs-center brz-tp-lg-empty brz-ff-encode_sans_semi_condensed brz-ft-google brz-fs-lg-40 brz-fss-lg-px brz-fw-lg-900 brz-ls-lg-0 brz-lh-lg-1_4 brz-css-ugJ75\" data-generated-css=\"brz-css-iMrTM\" data-uniq-id=\"gayuK\"><span>Visit Our Showroom<\/span><\/p>\n<\/div>\n<\/div>\n<\/div>\n<div id=\"\" class=\"brz-css-p8LHz brz-wrapper\">\n<div class=\"brz-rich-text brz-rich-text__custom brz-css-mLP2F\" data-brz-custom-id=\"tqcvgrpmswwiwksfananwhermasdohlnxwvd\">\n<div data-brz-translate-text=\"1\">\n<p class=\"brz-text-xs-center brz-tp-lg-empty brz-ff-encode_sans_semi_condensed brz-ft-google brz-fs-lg-17 brz-fss-lg-px brz-fw-lg-400 brz-ls-lg-0 brz-lh-lg-1_7 brz-css-dKJaP\" data-generated-css=\"brz-css-jpBK3\" data-uniq-id=\"txfb7\"><span>Nuestro showroom est\u00e1 disponible durante todo el a\u00f1o<\/span><\/p>\n<\/div>\n<\/div>\n<\/div>\n<div class=\"brz-wrapper-clone brz-css-eqJE6\">\n<div class=\"brz-d-xs-flex brz-flex-xs-wrap brz-css-ywVAf brz-css-ie5ba\" data-brz-custom-id=\"\">\n<div class=\"brz-wrapper-clone__item\" id=\"tzkfkzsqclgzaqzjjeavklacxpivqftwookc\">\n<div class=\"brz-hover-animation__container\" data-brz-hover-animationid=\"dfygyzpbenkekmjeeltqjfneasufqmhwnqoq\" data-brz-hover-options=\"%7B%22fill%22:%22forwards%22,%22easing%22:%22ease%22,%22duration%22:400,%22iterations%22:1%7D\" data-brz-hover-reversible=\"true\" data-brz-hover-target=\"%22firstChild%22\" data-brz-hover-animation=\"%5B%7B%22WebkitTransform%22:%22scale(1.1)%22,%22transform%22:%22scale(1.1)%22,%22offset%22:1%7D%5D\"><a class=\"brz-a brz-btn brz-css-c5qla brz-css-hkk7y\" href=\"?page_id=1051\" target=\"_self\" rel=\"noopener\" data-brz-link-type=\"external\" data-brz-custom-id=\"tzkfkzsqclgzaqzjjeavklacxpivqftwookc\"><span data-brz-translate-text=\"1\" class=\"brz-span brz-text__editor\">Contacto<\/span><\/a><\/div>\n<\/div>\n<\/div>\n<\/div>\n<\/div>\n<\/div>\n<div class=\"brz-columns brz-css-ul0Wa brz-css-w51Tu\" data-brz-custom-id=\"blrsmzvceciwhwdcanaemntgdtmwqrugviai\">\n<div class=\"brz-bg\"><\/div>\n<div class=\"brz-column__items brz-css-g61HL brz-css-uWXd_\">\n<div id=\"\" class=\"brz-css-p8LHz brz-wrapper\">\n<div class=\"brz-image brz-css-u60Qb brz-css-r5_3X\" data-brz-custom-id=\"nptsqhqpfeuthwlsfnsvkkgvztrlidxblisk\"><img decoding=\"async\" class=\"brz-img\" src=\"https:\/\/deluxebase.com\/wp-content\/uploads\/brizy\/imgs\/IMG_0678-446x335x0x27x446x301x1703181650.jpeg\" alt=\"\" loading=\"lazy\"><\/div>\n<\/div>\n<\/div>\n<\/div>\n<\/div>\n<\/div>\n<\/div>\n<\/div>\n<\/section>\n<\/div>\n<p>    <!-- version:1725265622 --><\/p>","protected":false},"excerpt":{"rendered":"<p>About Us At Deluxebase we have been developing and manufacturing exciting and innovative toy and gift products for over 25 years, providing on time delivery and first-rate customer service to gift shops in nature related visitor attractions, retail chains, toy stores and garden centres throughout the world.&nbsp; We are able to ship to any destination [&hellip;]<\/p>","protected":false},"author":1,"featured_media":0,"parent":0,"menu_order":0,"comment_status":"closed","ping_status":"closed","template":"brizy-blank-template.php","meta":{"footnotes":""},"class_list":["post-841","page","type-page","status-publish","hentry"],"blocksy_meta":{"page_title_panel":"","has_hero_section":"disabled","ba0e81bd606913bbc88e92197562ba4d":"","hero_section":"type-1","hero_elements":[{"id":"custom_title","enabled":true,"heading_tag":"h1","title":"Inicio"},{"id":"custom_description","enabled":true,"description_visibility":{"desktop":true,"tablet":true,"mobile":false}},{"id":"custom_meta","enabled":false,"meta_elements":[{"id":"author","enabled":true,"label":"By","has_author_avatar":"yes","avatar_size":25},{"id":"post_date","enabled":true,"label":"On","date_format_source":"default","date_format":"M j, Y"},{"id":"comments","enabled":true}],"page_meta_elements":{"joined":true,"articles_count":true,"comments":true}},{"id":"breadcrumbs","enabled":false}],"413eb15c1d3eafcdb8880cacad8f558c":"","hero_alignment1":"left","hero_alignment2":"center","hero_vertical_alignment":"center","hero_structure":"narrow","8204a8c340d21d4486f11a811610c8b9":"","hero_height":"230px","parallax":{"desktop":false,"tablet":false,"mobile":false},"pageTitleFont":{"family":"Default","variation":"Default","size":{"desktop":"32px","tablet":"30px","mobile":"25px"},"line-height":"1.3","letter-spacing":"CT_CSS_SKIP_RULE","text-transform":"CT_CSS_SKIP_RULE","text-decoration":"CT_CSS_SKIP_RULE"},"pageTitleFontColor":{"default":{"color":"CT_CSS_SKIP_RULEDEFAULT"}},"pageMetaFont":{"family":"Default","variation":"n6","size":{"desktop":"12px","tablet":"12px","mobile":"12px"},"line-height":"1.3","letter-spacing":"CT_CSS_SKIP_RULE","text-transform":"uppercase","text-decoration":"CT_CSS_SKIP_RULE"},"pageMetaFontColor":{"default":{"color":"CT_CSS_SKIP_RULEDEFAULT"},"hover":{"color":"CT_CSS_SKIP_RULEDEFAULT"}},"pageExcerptFont":{"family":"Default","variation":"n5","size":"CT_CSS_SKIP_RULE","line-height":"CT_CSS_SKIP_RULE","letter-spacing":"CT_CSS_SKIP_RULE","text-transform":"CT_CSS_SKIP_RULE","text-decoration":"CT_CSS_SKIP_RULE"},"pageExcerptColor":{"default":{"color":"CT_CSS_SKIP_RULEDEFAULT"}},"breadcrumbsFont":{"family":"Default","variation":"n6","size":"12px","line-height":"CT_CSS_SKIP_RULE","letter-spacing":"CT_CSS_SKIP_RULE","text-transform":"uppercase","text-decoration":"CT_CSS_SKIP_RULE"},"breadcrumbsFontColor":{"default":{"color":"CT_CSS_SKIP_RULEDEFAULT"},"initial":{"color":"CT_CSS_SKIP_RULEDEFAULT"},"hover":{"color":"CT_CSS_SKIP_RULEDEFAULT"}},"pageTitleOverlay":{"default":{"color":"rgba(41, 51, 60, 0.2)"}},"pageTitleBackground":{"background_type":"color","background_pattern":"type-1","background_image":{"attachment_id":null,"x":0,"y":0},"gradient":"linear-gradient(135deg,rgba(6,147,227,1) 0%,rgb(155,81,224) 100%)","background_repeat":"no-repeat","background_size":"auto","background_attachment":"scroll","patternColor":{"default":{"color":"#e5e7ea"}},"overlayColor":{"default":{"color":"CT_CSS_SKIP_RULE"}},"backgroundColor":{"default":{"color":"#EDEFF2"}}},"2af846da393d6a3c2b64010b60259fd9":"","page_structure_type":"default","content_style":"inherit","vertical_spacing_source":"custom","content_area_spacing":"none","background":{"background_type":"color","background_pattern":"type-1","background_image":{"attachment_id":null,"x":0,"y":0},"gradient":"linear-gradient(135deg,rgba(6,147,227,1) 0%,rgb(155,81,224) 100%)","background_repeat":"no-repeat","background_size":"auto","background_attachment":"scroll","patternColor":{"default":{"color":"#e5e7ea"}},"overlayColor":{"default":{"color":"CT_CSS_SKIP_RULE"}},"backgroundColor":{"default":{"color":"CT_CSS_SKIP_RULE"}}},"content_background":{"background_type":"color","background_pattern":"type-1","background_image":{"attachment_id":null,"x":0,"y":0},"gradient":"linear-gradient(135deg,rgba(6,147,227,1) 0%,rgb(155,81,224) 100%)","background_repeat":"no-repeat","background_size":"auto","background_attachment":"scroll","patternColor":{"default":{"color":"#e5e7ea"}},"overlayColor":{"default":{"color":"CT_CSS_SKIP_RULE"}},"backgroundColor":{"default":{"color":"#ffffff"}}},"content_boxed_spacing":{"desktop":"40px","tablet":"35px","mobile":"20px"},"content_boxed_radius":{"top":"3px","bottom":"3px","left":"3px","right":"3px","linked":true},"content_boxed_shadow":{"inherit":false,"blur":18,"spread":-6,"v_offset":12,"h_offset":0,"inset":false,"enable":true,"color":{"color":"rgba(34, 56, 101, 0.04)"}},"efa5da0361e682b1c80e5badb5495fd6":"","disable_featured_image":"yes","disable_header":"yes","disable_footer":"yes","styles_descriptor":{"styles":{"desktop":"","tablet":"","mobile":""},"google_fonts":[],"version":6},"bf2509ba33c37e32de3e87d9a6a45469":"","965bcbaf5d921f6391afc5b22705b20d":"","hero_margin":40,"a3ae16a66dc636c9252ad2c71a04d5c1":"","7a6e43370d3b04fec779b6ff380acd97":"","page_title_bg_type":"featured_image","custom_hero_background":{"attachment_id":null},"fa0f3d72d0c6e32b4265dfed643b6074":"","c72ddc8ca827dc1332ede0b7852d4dd2":"","page_meta_button_type_font_colors":{"default":{"color":"CT_CSS_SKIP_RULEDEFAULT"},"hover":{"color":"CT_CSS_SKIP_RULEDEFAULT"}},"page_meta_button_type_background_colors":{"default":{"color":"CT_CSS_SKIP_RULEDEFAULT"},"hover":{"color":"CT_CSS_SKIP_RULEDEFAULT"}},"3a079ea7a54f45f9ab22386bf0d504e3":"","bb4be9e0496251c6f68d974d7172fe93":"","227eb8978b286d2b73c26789e977ce4c":"","708845d312e94ffac7413fdc2b45c4cf":"","a712fbd7c7325c699487d18e7dbec4d4":"","pageTitlePadding":{"top":"50px","bottom":"50px","left":"auto","right":"auto","linked":true},"130e138f21bc53218880ea48f0f4bf7f":"","fe1170f780f1ca20a59a3db45ca1228c":"","content_style_source":"inherit","boxed_content_spacing":{"desktop":{"top":"40px","bottom":"40px","left":"40px","right":"40px","linked":true},"tablet":{"top":"35px","bottom":"35px","left":"35px","right":"35px","linked":true},"mobile":{"top":"20px","bottom":"20px","left":"20px","right":"20px","linked":true}},"2b6c88e466de77ff6f2efa64984f6a54":""},"brizy_media":[{"id":1736,"url":"https:\/\/deluxebase.com\/wp-content\/uploads\/2020\/11\/logo.png","name":"logo.png","meta":{"brizy_attachment_uid":"wp-2b2332805bdab8513da4ed90e7216b93.png","brizy_post_uid":["498723eb561f92d9be9f52107f91beff","7b2c71173587ba2a117eac11e2075951","dac594750b17579fd92e2ce7a13b610d"]}},{"id":2561,"url":"https:\/\/deluxebase.com\/wp-content\/uploads\/2021\/06\/Inflatimals_BW-banner_1.png","name":"Inflatimals_BW-banner_1.png","meta":{"brizy_attachment_uid":"wp-9fb7f307aa7661fa132c445498c3d9ad.png","brizy_post_uid":["498723eb561f92d9be9f52107f91beff","7b2c71173587ba2a117eac11e2075951"]}},{"id":3025,"url":"https:\/\/deluxebase.com\/wp-content\/uploads\/2021\/08\/showroom-e1629214987867.png","name":"showroom.png","meta":{"brizy_attachment_uid":"wp-fe221b6276f17f2bb0d3cadc412c3d3c.png","brizy_post_uid":["7b2c71173587ba2a117eac11e2075951"]}},{"id":3092,"url":"https:\/\/deluxebase.com\/wp-content\/uploads\/2021\/08\/image001-wide-3.png","name":"image001-wide-3.png","meta":{"brizy_attachment_uid":"wp-6273c0b24718786055138f06f2b82a75.png","brizy_post_uid":["7b2c71173587ba2a117eac11e2075951","6b0738db99d850f0af7aaa32b3dc4dd4"]}},{"id":10439,"url":"https:\/\/deluxebase.com\/wp-content\/uploads\/2022\/02\/IMG_0678.jpeg","name":"IMG_0678.jpeg","meta":{"brizy_attachment_uid":"wp-3126e908112420b7b125f484096b98e1.jpeg","brizy_post_uid":["7b2c71173587ba2a117eac11e2075951"]}}],"_links":{"self":[{"href":"https:\/\/deluxebase.com\/es\/wp-json\/wp\/v2\/pages\/841","targetHints":{"allow":["GET"]}}],"collection":[{"href":"https:\/\/deluxebase.com\/es\/wp-json\/wp\/v2\/pages"}],"about":[{"href":"https:\/\/deluxebase.com\/es\/wp-json\/wp\/v2\/types\/page"}],"author":[{"embeddable":true,"href":"https:\/\/deluxebase.com\/es\/wp-json\/wp\/v2\/users\/1"}],"replies":[{"embeddable":true,"href":"https:\/\/deluxebase.com\/es\/wp-json\/wp\/v2\/comments?post=841"}],"version-history":[{"count":0,"href":"https:\/\/deluxebase.com\/es\/wp-json\/wp\/v2\/pages\/841\/revisions"}],"wp:attachment":[{"href":"https:\/\/deluxebase.com\/es\/wp-json\/wp\/v2\/media?parent=841"}],"curies":[{"name":"wp","href":"https:\/\/api.w.org\/{rel}","templated":true}]}}